{"id":8556,"date":"2021-04-09T11:34:16","date_gmt":"2021-04-09T09:34:16","guid":{"rendered":"https:\/\/idurgocapeans.com\/?page_id=8556"},"modified":"2021-04-09T11:34:16","modified_gmt":"2021-04-09T09:34:16","slug":"menaje","status":"publish","type":"page","link":"https:\/\/idurgocapeans.com\/en\/menaje","title":{"rendered":"Menaje"},"content":{"rendered":"\t\t<div data-elementor-type=\"wp-post\" data-elementor-id=\"8556\" class=\"elementor elementor-8556 elementor-8209\" data-elementor-post-type=\"page\">\n\t\t\t\t\t\t<section class=\"elementor-section elementor-top-section elementor-element elementor-element-375208c0 elementor-section-height-min-height elementor-section-stretched elementor-section-boxed elementor-section-height-default elementor-section-items-middle\" data-id=\"375208c0\" data-element_type=\"section\" data-settings=\"{&quot;background_background&quot;:&quot;classic&quot;,&quot;stretch_section&quot;:&quot;section-stretched&quot;}\">\n\t\t\t\t\t\t<div class=\"elementor-container elementor-column-gap-default\">\n\t\t\t\t\t<div class=\"elementor-column elementor-col-100 elementor-top-column elementor-element elementor-element-1b062b04\" data-id=\"1b062b04\" data-element_type=\"column\">\n\t\t\t<div class=\"elementor-widget-wrap elementor-element-populated\">\n\t\t\t\t\t\t<div class=\"elementor-element elementor-element-6e07fc1b elementor-widget elementor-widget-heading\" data-id=\"6e07fc1b\" data-element_type=\"widget\" data-widget_type=\"heading.default\">\n\t\t\t\t<div class=\"elementor-widget-container\">\n\t\t\t\t\t<h1 class=\"elementor-heading-title elementor-size-default\">Menaje<\/h1>\t\t\t\t<\/div>\n\t\t\t\t<\/div>\n\t\t\t\t\t<\/div>\n\t\t<\/div>\n\t\t\t\t\t<\/div>\n\t\t<\/section>\n\t\t\t\t<section class=\"elementor-section elementor-top-section elementor-element elementor-element-8f0e4e3 elementor-section-boxed elementor-section-height-default elementor-section-height-default\" data-id=\"8f0e4e3\" data-element_type=\"section\">\n\t\t\t\t\t\t<div class=\"elementor-container elementor-column-gap-default\">\n\t\t\t\t\t<div class=\"elementor-column elementor-col-100 elementor-top-column elementor-element elementor-element-db83b74\" data-id=\"db83b74\" data-element_type=\"column\">\n\t\t\t<div class=\"elementor-widget-wrap elementor-element-populated\">\n\t\t\t\t\t\t<div class=\"elementor-element elementor-element-dc0db4d elementor-widget elementor-widget-spacer\" data-id=\"dc0db4d\" data-element_type=\"widget\" data-widget_type=\"spacer.default\">\n\t\t\t\t<div class=\"elementor-widget-container\">\n\t\t\t\t\t\t\t<div class=\"elementor-spacer\">\n\t\t\t<div class=\"elementor-spacer-inner\"><\/div>\n\t\t<\/div>\n\t\t\t\t\t\t<\/div>\n\t\t\t\t<\/div>\n\t\t\t\t\t<\/div>\n\t\t<\/div>\n\t\t\t\t\t<\/div>\n\t\t<\/section>\n\t\t\t\t<section class=\"elementor-section elementor-top-section elementor-element elementor-element-73187e08 elementor-section-stretched elementor-section-boxed elementor-section-height-default elementor-section-height-default\" data-id=\"73187e08\" data-element_type=\"section\" data-settings=\"{&quot;stretch_section&quot;:&quot;section-stretched&quot;,&quot;background_background&quot;:&quot;classic&quot;}\">\n\t\t\t\t\t\t<div class=\"elementor-container elementor-column-gap-wider\">\n\t\t\t\t\t<div class=\"elementor-column elementor-col-50 elementor-top-column elementor-element elementor-element-22fbf243\" data-id=\"22fbf243\" data-element_type=\"column\" data-settings=\"{&quot;background_background&quot;:&quot;classic&quot;}\">\n\t\t\t<div class=\"elementor-widget-wrap elementor-element-populated\">\n\t\t\t\t\t\t<div class=\"elementor-element elementor-element-3a9b2695 elementor-widget elementor-widget-heading\" data-id=\"3a9b2695\" data-element_type=\"widget\" data-widget_type=\"heading.default\">\n\t\t\t\t<div class=\"elementor-widget-container\">\n\t\t\t\t\t<h4 class=\"elementor-heading-title elementor-size-default\">Filtros<\/h4>\t\t\t\t<\/div>\n\t\t\t\t<\/div>\n\t\t\t\t<div class=\"elementor-element elementor-element-6c868572 elementor-widget-divider--view-line elementor-widget elementor-widget-divider\" data-id=\"6c868572\" data-element_type=\"widget\" data-widget_type=\"divider.default\">\n\t\t\t\t<div class=\"elementor-widget-container\">\n\t\t\t\t\t\t\t<div class=\"elementor-divider\">\n\t\t\t<span class=\"elementor-divider-separator\">\n\t\t\t\t\t\t<\/span>\n\t\t<\/div>\n\t\t\t\t\t\t<\/div>\n\t\t\t\t<\/div>\n\t\t\t\t<div class=\"elementor-element elementor-element-6e7714f elementor-widget elementor-widget-heading\" data-id=\"6e7714f\" data-element_type=\"widget\" data-widget_type=\"heading.default\">\n\t\t\t\t<div class=\"elementor-widget-container\">\n\t\t\t\t\t<h6 class=\"elementor-heading-title elementor-size-default\">Precio<\/h6>\t\t\t\t<\/div>\n\t\t\t\t<\/div>\n\t\t\t\t<div class=\"elementor-element elementor-element-30ec2791 elementor-widget elementor-widget-shortcode\" data-id=\"30ec2791\" data-element_type=\"widget\" data-widget_type=\"shortcode.default\">\n\t\t\t\t<div class=\"elementor-widget-container\">\n\t\t\t\t\t\t\t<div class=\"elementor-shortcode\"><\/div>\n\t\t\t\t\t\t<\/div>\n\t\t\t\t<\/div>\n\t\t\t\t<div class=\"elementor-element elementor-element-2642d6dd elementor-widget-divider--view-line elementor-widget elementor-widget-divider\" data-id=\"2642d6dd\" data-element_type=\"widget\" data-widget_type=\"divider.default\">\n\t\t\t\t<div class=\"elementor-widget-container\">\n\t\t\t\t\t\t\t<div class=\"elementor-divider\">\n\t\t\t<span class=\"elementor-divider-separator\">\n\t\t\t\t\t\t<\/span>\n\t\t<\/div>\n\t\t\t\t\t\t<\/div>\n\t\t\t\t<\/div>\n\t\t\t\t<div class=\"elementor-element elementor-element-103ef61a elementor-widget elementor-widget-heading\" data-id=\"103ef61a\" data-element_type=\"widget\" data-widget_type=\"heading.default\">\n\t\t\t\t<div class=\"elementor-widget-container\">\n\t\t\t\t\t<h6 class=\"elementor-heading-title elementor-size-default\">Agrupaci\u00f3n<\/h6>\t\t\t\t<\/div>\n\t\t\t\t<\/div>\n\t\t\t\t<div class=\"elementor-element elementor-element-70ee64e1 elementor-widget elementor-widget-shortcode\" data-id=\"70ee64e1\" data-element_type=\"widget\" data-widget_type=\"shortcode.default\">\n\t\t\t\t<div class=\"elementor-widget-container\">\n\t\t\t\t\t\t\t<div class=\"elementor-shortcode\">\n<\/div>\n\t\t\t\t\t\t<\/div>\n\t\t\t\t<\/div>\n\t\t\t\t<div class=\"elementor-element elementor-element-152bebfc elementor-widget-divider--view-line elementor-widget elementor-widget-divider\" data-id=\"152bebfc\" data-element_type=\"widget\" data-widget_type=\"divider.default\">\n\t\t\t\t<div class=\"elementor-widget-container\">\n\t\t\t\t\t\t\t<div class=\"elementor-divider\">\n\t\t\t<span class=\"elementor-divider-separator\">\n\t\t\t\t\t\t<\/span>\n\t\t<\/div>\n\t\t\t\t\t\t<\/div>\n\t\t\t\t<\/div>\n\t\t\t\t<div class=\"elementor-element elementor-element-58e53a27 elementor-widget elementor-widget-heading\" data-id=\"58e53a27\" data-element_type=\"widget\" data-widget_type=\"heading.default\">\n\t\t\t\t<div class=\"elementor-widget-container\">\n\t\t\t\t\t<h6 class=\"elementor-heading-title elementor-size-default\">Estilo<\/h6>\t\t\t\t<\/div>\n\t\t\t\t<\/div>\n\t\t\t\t<div class=\"elementor-element elementor-element-54934431 elementor-widget elementor-widget-shortcode\" data-id=\"54934431\" data-element_type=\"widget\" data-widget_type=\"shortcode.default\">\n\t\t\t\t<div class=\"elementor-widget-container\">\n\t\t\t\t\t\t\t<div class=\"elementor-shortcode\"><\/div>\n\t\t\t\t\t\t<\/div>\n\t\t\t\t<\/div>\n\t\t\t\t<div class=\"elementor-element elementor-element-4a246f67 elementor-widget-divider--view-line elementor-widget elementor-widget-divider\" data-id=\"4a246f67\" data-element_type=\"widget\" data-widget_type=\"divider.default\">\n\t\t\t\t<div class=\"elementor-widget-container\">\n\t\t\t\t\t\t\t<div class=\"elementor-divider\">\n\t\t\t<span class=\"elementor-divider-separator\">\n\t\t\t\t\t\t<\/span>\n\t\t<\/div>\n\t\t\t\t\t\t<\/div>\n\t\t\t\t<\/div>\n\t\t\t\t<div class=\"elementor-element elementor-element-21c77634 elementor-widget elementor-widget-heading\" data-id=\"21c77634\" data-element_type=\"widget\" data-widget_type=\"heading.default\">\n\t\t\t\t<div class=\"elementor-widget-container\">\n\t\t\t\t\t<h6 class=\"elementor-heading-title elementor-size-default\">Familia<\/h6>\t\t\t\t<\/div>\n\t\t\t\t<\/div>\n\t\t\t\t<div class=\"elementor-element elementor-element-729df7cc elementor-widget elementor-widget-shortcode\" data-id=\"729df7cc\" data-element_type=\"widget\" data-widget_type=\"shortcode.default\">\n\t\t\t\t<div class=\"elementor-widget-container\">\n\t\t\t\t\t\t\t<div class=\"elementor-shortcode\">\n<\/div>\n\t\t\t\t\t\t<\/div>\n\t\t\t\t<\/div>\n\t\t\t\t<div class=\"elementor-element elementor-element-b75b40c elementor-widget-divider--view-line elementor-widget elementor-widget-divider\" data-id=\"b75b40c\" data-element_type=\"widget\" data-widget_type=\"divider.default\">\n\t\t\t\t<div class=\"elementor-widget-container\">\n\t\t\t\t\t\t\t<div class=\"elementor-divider\">\n\t\t\t<span class=\"elementor-divider-separator\">\n\t\t\t\t\t\t<\/span>\n\t\t<\/div>\n\t\t\t\t\t\t<\/div>\n\t\t\t\t<\/div>\n\t\t\t\t<div class=\"elementor-element elementor-element-188bddca elementor-widget elementor-widget-shortcode\" data-id=\"188bddca\" data-element_type=\"widget\" data-widget_type=\"shortcode.default\">\n\t\t\t\t<div class=\"elementor-widget-container\">\n\t\t\t\t\t\t\t<div class=\"elementor-shortcode\">\n<\/div>\n\t\t\t\t\t\t<\/div>\n\t\t\t\t<\/div>\n\t\t\t\t\t<\/div>\n\t\t<\/div>\n\t\t\t\t<div class=\"elementor-column elementor-col-50 elementor-top-column elementor-element elementor-element-46d3d0fe\" data-id=\"46d3d0fe\" data-element_type=\"column\" data-settings=\"{&quot;background_background&quot;:&quot;classic&quot;}\">\n\t\t\t<div class=\"elementor-widget-wrap elementor-element-populated\">\n\t\t\t\t\t\t<div class=\"elementor-element elementor-element-66a7a92 elementor-position-left elementor-vertical-align-middle elementor-view-default elementor-mobile-position-top elementor-widget elementor-widget-icon-box\" data-id=\"66a7a92\" data-element_type=\"widget\" data-widget_type=\"icon-box.default\">\n\t\t\t\t<div class=\"elementor-widget-container\">\n\t\t\t\t\t\t\t<div class=\"elementor-icon-box-wrapper\">\n\n\t\t\t\t\t\t<div class=\"elementor-icon-box-icon\">\n\t\t\t\t<span  class=\"elementor-icon\">\n\t\t\t\t<i aria-hidden=\"true\" class=\"fas fa-shipping-fast\"><\/i>\t\t\t\t<\/span>\n\t\t\t<\/div>\n\t\t\t\n\t\t\t\t\t\t<div class=\"elementor-icon-box-content\">\n\n\t\t\t\t\t\t\t\t\t<p class=\"elementor-icon-box-title\">\n\t\t\t\t\t\t<span  >\n\t\t\t\t\t\t\tPORTES GRATUITOS A PARTIR DE 45\u20ac\t\t\t\t\t\t<\/span>\n\t\t\t\t\t<\/p>\n\t\t\t\t\n\t\t\t\t\n\t\t\t<\/div>\n\t\t\t\n\t\t<\/div>\n\t\t\t\t\t\t<\/div>\n\t\t\t\t<\/div>\n\t\t\t\t<div class=\"elementor-element elementor-element-0b440be elementor-widget elementor-widget-text-editor\" data-id=\"0b440be\" data-element_type=\"widget\" data-widget_type=\"text-editor.default\">\n\t\t\t\t<div class=\"elementor-widget-container\">\n\t\t\t\t\t\t\t\t\t<p>* PLAZO PARA REPOSICIONES POR DEFECTO DE FABRICACI\u00d3N <strong>7 D\u00cdAS<\/strong> DESDE LA RECEPCI\u00d3N DEL PEDIDO.<\/p>\t\t\t\t\t\t\t\t<\/div>\n\t\t\t\t<\/div>\n\t\t\t\t<div class=\"elementor-element elementor-element-e08853c productos-tienda elementor-widget elementor-widget-shortcode\" data-id=\"e08853c\" data-element_type=\"widget\" data-widget_type=\"shortcode.default\">\n\t\t\t\t<div class=\"elementor-widget-container\">\n\t\t\t\t\t\t\t<div class=\"elementor-shortcode\"><div class=\"woocommerce columns-4 \"><ul class=\"products columns-4\">\n<li class=\"product type-product post-8176 status-publish first instock product_cat-en-cacerolas-altas-en product_cat-en-cacerolas-en-conjunto-en product_cat-en-menaje has-post-thumbnail taxable shipping-taxable purchasable product-type-woosg\">\n\t<a href=\"https:\/\/idurgocapeans.com\/en\/producto\/cacerolas-altas\" class=\"woocommerce-LoopProduct-link woocommerce-loop-product__link\"><img decoding=\"async\" width=\"200\" height=\"200\" src=\"https:\/\/idurgocapeans.com\/wp-content\/uploads\/2021\/04\/cacerola-alta-200x200.png\" class=\"attachment-woocommerce_thumbnail size-woocommerce_thumbnail\" alt=\"Cacerola alta\" srcset=\"https:\/\/idurgocapeans.com\/wp-content\/uploads\/2021\/04\/cacerola-alta-200x200.png 200w, https:\/\/idurgocapeans.com\/wp-content\/uploads\/2021\/04\/cacerola-alta-300x300.png 300w, https:\/\/idurgocapeans.com\/wp-content\/uploads\/2021\/04\/cacerola-alta-150x150.png 150w, https:\/\/idurgocapeans.com\/wp-content\/uploads\/2021\/04\/cacerola-alta-100x100.png 100w, https:\/\/idurgocapeans.com\/wp-content\/uploads\/2021\/04\/cacerola-alta.png 460w\" sizes=\"(max-width: 200px) 100vw, 200px\" \/><h2 class=\"woocommerce-loop-product__title\">Cacerolas altas<\/h2>\n\t<span class=\"price\">Desde 30,50\u20ac<\/span>\n<\/a><a href=\"https:\/\/idurgocapeans.com\/en\/producto\/cacerolas-altas\" aria-describedby=\"woocommerce_loop_add_to_cart_link_describedby_8176\" data-quantity=\"1\" class=\"button product_type_woosg add_to_cart_button\" data-product_id=\"8176\" data-product_sku=\"\" aria-label=\"Read more about &ldquo;Cacerolas altas&rdquo;\" rel=\"nofollow\">Select options<\/a>\t<span id=\"woocommerce_loop_add_to_cart_link_describedby_8176\" class=\"screen-reader-text\">\n\t\t\t<\/span>\n<\/li>\n<li class=\"product type-product post-8214 status-publish instock product_cat-en-cacerolas-en-conjunto-en product_cat-en-cacerolas-medias product_cat-en-menaje has-post-thumbnail taxable shipping-taxable purchasable product-type-woosg\">\n\t<a href=\"https:\/\/idurgocapeans.com\/en\/producto\/cacerolas-medias\" class=\"woocommerce-LoopProduct-link woocommerce-loop-product__link\"><img decoding=\"async\" width=\"200\" height=\"200\" src=\"https:\/\/idurgocapeans.com\/wp-content\/uploads\/2021\/04\/cacerola-media-200x200.png\" class=\"attachment-woocommerce_thumbnail size-woocommerce_thumbnail\" alt=\"Cacerola media\" srcset=\"https:\/\/idurgocapeans.com\/wp-content\/uploads\/2021\/04\/cacerola-media-200x200.png 200w, https:\/\/idurgocapeans.com\/wp-content\/uploads\/2021\/04\/cacerola-media-300x300.png 300w, https:\/\/idurgocapeans.com\/wp-content\/uploads\/2021\/04\/cacerola-media-150x150.png 150w, https:\/\/idurgocapeans.com\/wp-content\/uploads\/2021\/04\/cacerola-media-100x100.png 100w, https:\/\/idurgocapeans.com\/wp-content\/uploads\/2021\/04\/cacerola-media.png 460w\" sizes=\"(max-width: 200px) 100vw, 200px\" \/><h2 class=\"woocommerce-loop-product__title\">Cacerolas medias<\/h2>\n\t<span class=\"price\">From <\/span>\n<\/a><a href=\"https:\/\/idurgocapeans.com\/en\/producto\/cacerolas-medias\" aria-describedby=\"woocommerce_loop_add_to_cart_link_describedby_8214\" data-quantity=\"1\" class=\"button product_type_woosg add_to_cart_button\" data-product_id=\"8214\" data-product_sku=\"\" aria-label=\"Read more about &ldquo;Cacerolas medias&rdquo;\" rel=\"nofollow\">Select options<\/a>\t<span id=\"woocommerce_loop_add_to_cart_link_describedby_8214\" class=\"screen-reader-text\">\n\t\t\t<\/span>\n<\/li>\n<li class=\"product type-product post-8244 status-publish instock product_cat-en-cacerolas-en-conjunto-en product_cat-en-menaje product_cat-en-paelleras-con-tapa has-post-thumbnail taxable shipping-taxable purchasable product-type-woosg\">\n\t<a href=\"https:\/\/idurgocapeans.com\/en\/producto\/paellera-con-tapa\" class=\"woocommerce-LoopProduct-link woocommerce-loop-product__link\"><img decoding=\"async\" width=\"200\" height=\"200\" src=\"https:\/\/idurgocapeans.com\/wp-content\/uploads\/2021\/04\/paellera-tapa-200x200.png\" class=\"attachment-woocommerce_thumbnail size-woocommerce_thumbnail\" alt=\"Paellera tapa\" srcset=\"https:\/\/idurgocapeans.com\/wp-content\/uploads\/2021\/04\/paellera-tapa-200x200.png 200w, https:\/\/idurgocapeans.com\/wp-content\/uploads\/2021\/04\/paellera-tapa-300x300.png 300w, https:\/\/idurgocapeans.com\/wp-content\/uploads\/2021\/04\/paellera-tapa-150x150.png 150w, https:\/\/idurgocapeans.com\/wp-content\/uploads\/2021\/04\/paellera-tapa-100x100.png 100w, https:\/\/idurgocapeans.com\/wp-content\/uploads\/2021\/04\/paellera-tapa.png 460w\" sizes=\"(max-width: 200px) 100vw, 200px\" \/><h2 class=\"woocommerce-loop-product__title\">Paellera con tapa<\/h2>\n\t<span class=\"price\">Desde 36,20\u20ac<\/span>\n<\/a><a href=\"https:\/\/idurgocapeans.com\/en\/producto\/paellera-con-tapa\" aria-describedby=\"woocommerce_loop_add_to_cart_link_describedby_8244\" data-quantity=\"1\" class=\"button product_type_woosg add_to_cart_button\" data-product_id=\"8244\" data-product_sku=\"\" aria-label=\"Read more about &ldquo;Paellera con tapa&rdquo;\" rel=\"nofollow\">Select options<\/a>\t<span id=\"woocommerce_loop_add_to_cart_link_describedby_8244\" class=\"screen-reader-text\">\n\t\t\t<\/span>\n<\/li>\n<li class=\"product type-product post-8287 status-publish last instock product_cat-en-cuchillos product_cat-en-menaje has-post-thumbnail taxable shipping-taxable purchasable product-type-woosg\">\n\t<a href=\"https:\/\/idurgocapeans.com\/en\/producto\/cuchillos\" class=\"woocommerce-LoopProduct-link woocommerce-loop-product__link\"><img loading=\"lazy\" decoding=\"async\" width=\"200\" height=\"200\" src=\"https:\/\/idurgocapeans.com\/wp-content\/uploads\/2021\/04\/block-com-6-cuchillos-activa-200x200.jpg\" class=\"attachment-woocommerce_thumbnail size-woocommerce_thumbnail\" alt=\"Block com 6 cuchillos activa\" srcset=\"https:\/\/idurgocapeans.com\/wp-content\/uploads\/2021\/04\/block-com-6-cuchillos-activa-200x200.jpg 200w, https:\/\/idurgocapeans.com\/wp-content\/uploads\/2021\/04\/block-com-6-cuchillos-activa-300x300.jpg 300w, https:\/\/idurgocapeans.com\/wp-content\/uploads\/2021\/04\/block-com-6-cuchillos-activa-150x150.jpg 150w, https:\/\/idurgocapeans.com\/wp-content\/uploads\/2021\/04\/block-com-6-cuchillos-activa-100x100.jpg 100w, https:\/\/idurgocapeans.com\/wp-content\/uploads\/2021\/04\/block-com-6-cuchillos-activa.jpg 460w\" sizes=\"(max-width: 200px) 100vw, 200px\" \/><h2 class=\"woocommerce-loop-product__title\">Cuchillos<\/h2>\n\t<span class=\"price\">Desde 4,60\u20ac<\/span>\n<\/a><a href=\"https:\/\/idurgocapeans.com\/en\/producto\/cuchillos\" aria-describedby=\"woocommerce_loop_add_to_cart_link_describedby_8287\" data-quantity=\"1\" class=\"button product_type_woosg add_to_cart_button\" data-product_id=\"8287\" data-product_sku=\"\" aria-label=\"Read more about &ldquo;Cuchillos&rdquo;\" rel=\"nofollow\">Select options<\/a>\t<span id=\"woocommerce_loop_add_to_cart_link_describedby_8287\" class=\"screen-reader-text\">\n\t\t\t<\/span>\n<\/li>\n<li class=\"product type-product post-8408 status-publish first instock product_cat-en-accesorios product_cat-en-menaje has-post-thumbnail taxable shipping-taxable purchasable product-type-woosg\">\n\t<a href=\"https:\/\/idurgocapeans.com\/en\/producto\/accesorios\" class=\"woocommerce-LoopProduct-link woocommerce-loop-product__link\"><img loading=\"lazy\" decoding=\"async\" width=\"200\" height=\"200\" src=\"https:\/\/idurgocapeans.com\/wp-content\/uploads\/2021\/04\/soporte-inox-jamon-2-200x200.jpg\" class=\"attachment-woocommerce_thumbnail size-woocommerce_thumbnail\" alt=\"Soporte inox jam\u00f3n 2\" srcset=\"https:\/\/idurgocapeans.com\/wp-content\/uploads\/2021\/04\/soporte-inox-jamon-2-200x200.jpg 200w, https:\/\/idurgocapeans.com\/wp-content\/uploads\/2021\/04\/soporte-inox-jamon-2-300x300.jpg 300w, https:\/\/idurgocapeans.com\/wp-content\/uploads\/2021\/04\/soporte-inox-jamon-2-150x150.jpg 150w, https:\/\/idurgocapeans.com\/wp-content\/uploads\/2021\/04\/soporte-inox-jamon-2-100x100.jpg 100w, https:\/\/idurgocapeans.com\/wp-content\/uploads\/2021\/04\/soporte-inox-jamon-2.jpg 460w\" sizes=\"(max-width: 200px) 100vw, 200px\" \/><h2 class=\"woocommerce-loop-product__title\">Accesorios<\/h2>\n\t<span class=\"price\">Desde 2,10\u20ac<\/span>\n<\/a><a href=\"https:\/\/idurgocapeans.com\/en\/producto\/accesorios\" aria-describedby=\"woocommerce_loop_add_to_cart_link_describedby_8408\" data-quantity=\"1\" class=\"button product_type_woosg add_to_cart_button\" data-product_id=\"8408\" data-product_sku=\"\" aria-label=\"Read more about &ldquo;Accesorios&rdquo;\" rel=\"nofollow\">Select options<\/a>\t<span id=\"woocommerce_loop_add_to_cart_link_describedby_8408\" class=\"screen-reader-text\">\n\t\t\t<\/span>\n<\/li>\n<\/ul>\n<\/div><\/div>\n\t\t\t\t\t\t<\/div>\n\t\t\t\t<\/div>\n\t\t\t\t<div class=\"elementor-element elementor-element-602bf15 elementor-widget elementor-widget-spacer\" data-id=\"602bf15\" data-element_type=\"widget\" data-widget_type=\"spacer.default\">\n\t\t\t\t<div class=\"elementor-widget-container\">\n\t\t\t\t\t\t\t<div class=\"elementor-spacer\">\n\t\t\t<div class=\"elementor-spacer-inner\"><\/div>\n\t\t<\/div>\n\t\t\t\t\t\t<\/div>\n\t\t\t\t<\/div>\n\t\t\t\t\t<\/div>\n\t\t<\/div>\n\t\t\t\t\t<\/div>\n\t\t<\/section>\n\t\t\t\t<\/div>\n\t\t","protected":false},"excerpt":{"rendered":"<p>Menaje Filtros Precio Agrupaci\u00f3n Estilo Familia PORTES GRATUITOS A PARTIR DE 45\u20ac * PLAZO PARA REPOSICIONES POR DEFECTO DE FABRICACI\u00d3N 7 D\u00cdAS DESDE LA RECEPCI\u00d3N DEL PEDIDO.<\/p>\n","protected":false},"author":323,"featured_media":0,"parent":0,"menu_order":0,"comment_status":"closed","ping_status":"closed","template":"","meta":{"footnotes":""},"_links":{"self":[{"href":"https:\/\/idurgocapeans.com\/en\/wp-json\/wp\/v2\/pages\/8556"}],"collection":[{"href":"https:\/\/idurgocapeans.com\/en\/wp-json\/wp\/v2\/pages"}],"about":[{"href":"https:\/\/idurgocapeans.com\/en\/wp-json\/wp\/v2\/types\/page"}],"author":[{"embeddable":true,"href":"https:\/\/idurgocapeans.com\/en\/wp-json\/wp\/v2\/users\/323"}],"replies":[{"embeddable":true,"href":"https:\/\/idurgocapeans.com\/en\/wp-json\/wp\/v2\/comments?post=8556"}],"version-history":[{"count":1,"href":"https:\/\/idurgocapeans.com\/en\/wp-json\/wp\/v2\/pages\/8556\/revisions"}],"predecessor-version":[{"id":8557,"href":"https:\/\/idurgocapeans.com\/en\/wp-json\/wp\/v2\/pages\/8556\/revisions\/8557"}],"wp:attachment":[{"href":"https:\/\/idurgocapeans.com\/en\/wp-json\/wp\/v2\/media?parent=8556"}],"curies":[{"name":"wp","href":"https:\/\/api.w.org\/{rel}","templated":true}]}}