{"id":7056,"date":"2020-10-26T16:51:31","date_gmt":"2020-10-26T14:51:31","guid":{"rendered":"https:\/\/idurgocapeans.com\/?page_id=7056"},"modified":"2020-10-26T16:51:31","modified_gmt":"2020-10-26T14:51:31","slug":"blog","status":"publish","type":"page","link":"https:\/\/idurgocapeans.com\/en\/blog","title":{"rendered":"Blog"},"content":{"rendered":"\t\t<div data-elementor-type=\"wp-post\" data-elementor-id=\"7056\" class=\"elementor elementor-7056 elementor-7055\" data-elementor-post-type=\"page\">\n\t\t\t\t\t\t<section class=\"elementor-section elementor-top-section elementor-element elementor-element-fcd697b elementor-section-boxed elementor-section-height-default elementor-section-height-default\" data-id=\"fcd697b\" data-element_type=\"section\">\n\t\t\t\t\t\t<div class=\"elementor-container elementor-column-gap-default\">\n\t\t\t\t\t<div class=\"elementor-column elementor-col-100 elementor-top-column elementor-element elementor-element-171fb90\" data-id=\"171fb90\" data-element_type=\"column\">\n\t\t\t<div class=\"elementor-widget-wrap elementor-element-populated\">\n\t\t\t\t\t\t<div class=\"elementor-element elementor-element-831276d elementor-widget elementor-widget-heading\" data-id=\"831276d\" data-element_type=\"widget\" data-widget_type=\"heading.default\">\n\t\t\t\t<div class=\"elementor-widget-container\">\n\t\t\t\t\t<h2 class=\"elementor-heading-title elementor-size-default\">Blog<\/h2>\t\t\t\t<\/div>\n\t\t\t\t<\/div>\n\t\t\t\t\t<\/div>\n\t\t<\/div>\n\t\t\t\t\t<\/div>\n\t\t<\/section>\n\t\t\t\t<section class=\"elementor-section elementor-top-section elementor-element elementor-element-257e138 elementor-section-boxed elementor-section-height-default elementor-section-height-default\" data-id=\"257e138\" data-element_type=\"section\">\n\t\t\t\t\t\t<div class=\"elementor-container elementor-column-gap-default\">\n\t\t\t\t\t<div class=\"elementor-column elementor-col-100 elementor-top-column elementor-element elementor-element-37d9854\" data-id=\"37d9854\" data-element_type=\"column\">\n\t\t\t<div class=\"elementor-widget-wrap elementor-element-populated\">\n\t\t\t\t\t\t<div class=\"elementor-element elementor-element-002e162 elementor-grid-3 elementor-grid-tablet-2 elementor-grid-mobile-1 elementor-posts--thumbnail-top elementor-widget elementor-widget-posts\" data-id=\"002e162\" data-element_type=\"widget\" data-settings=\"{&quot;classic_columns&quot;:&quot;3&quot;,&quot;classic_columns_tablet&quot;:&quot;2&quot;,&quot;classic_columns_mobile&quot;:&quot;1&quot;,&quot;classic_row_gap&quot;:{&quot;unit&quot;:&quot;px&quot;,&quot;size&quot;:35,&quot;sizes&quot;:[]},&quot;classic_row_gap_tablet&quot;:{&quot;unit&quot;:&quot;px&quot;,&quot;size&quot;:&quot;&quot;,&quot;sizes&quot;:[]},&quot;classic_row_gap_mobile&quot;:{&quot;unit&quot;:&quot;px&quot;,&quot;size&quot;:&quot;&quot;,&quot;sizes&quot;:[]}}\" data-widget_type=\"posts.classic\">\n\t\t\t\t<div class=\"elementor-widget-container\">\n\t\t\t\t\t\t\t<div class=\"elementor-posts-container elementor-posts elementor-posts--skin-classic elementor-grid\">\n\t\t\t\t<article class=\"elementor-post elementor-grid-item post-9505 post type-post status-publish format-standard has-post-thumbnail hentry category-decoracion-en\">\n\t\t\t\t<a class=\"elementor-post__thumbnail__link\" href=\"https:\/\/idurgocapeans.com\/en\/vajillas-para-este-verano\" tabindex=\"-1\" >\n\t\t\t<div class=\"elementor-post__thumbnail\"><img fetchpriority=\"high\" decoding=\"async\" width=\"213\" height=\"300\" src=\"https:\/\/idurgocapeans.com\/wp-content\/uploads\/2020\/09\/vajilla-mediterranea-213x300.jpg\" class=\"attachment-medium size-medium wp-image-6361\" alt=\"Vajilla Mediterr\u00e1nea\" srcset=\"https:\/\/idurgocapeans.com\/wp-content\/uploads\/2020\/09\/vajilla-mediterranea-213x300.jpg 213w, https:\/\/idurgocapeans.com\/wp-content\/uploads\/2020\/09\/vajilla-mediterranea-200x282.jpg 200w, https:\/\/idurgocapeans.com\/wp-content\/uploads\/2020\/09\/vajilla-mediterranea-720x1016.jpg 720w, https:\/\/idurgocapeans.com\/wp-content\/uploads\/2020\/09\/vajilla-mediterranea.jpg 726w\" sizes=\"(max-width: 213px) 100vw, 213px\" \/><\/div>\n\t\t<\/a>\n\t\t\t\t<div class=\"elementor-post__text\">\n\t\t\t\t<h3 class=\"elementor-post__title\">\n\t\t\t<a href=\"https:\/\/idurgocapeans.com\/en\/vajillas-para-este-verano\" >\n\t\t\t\tLa vajilla que necesitas para este verano\t\t\t<\/a>\n\t\t<\/h3>\n\t\t\t\t<div class=\"elementor-post__meta-data\">\n\t\t\t\t\t<span class=\"elementor-post-date\">\n\t\t\tJune 22, 2022\t\t<\/span>\n\t\t\t\t<span class=\"elementor-post-avatar\">\n\t\t\tNo Comments\t\t<\/span>\n\t\t\t\t<\/div>\n\t\t\t\t<div class=\"elementor-post__excerpt\">\n\t\t\t<p>En verano lo que m\u00e1s nos apetece es disfrutar de la compa\u00f1\u00eda de nuestros seres queridos en un ambiente c\u00e1lido, en la mesa del jard\u00edn<\/p>\n\t\t<\/div>\n\t\t\n\t\t<a class=\"elementor-post__read-more\" href=\"https:\/\/idurgocapeans.com\/en\/vajillas-para-este-verano\" aria-label=\"Read more about La vajilla que necesitas para este verano\" tabindex=\"-1\" >\n\t\t\tRead More \u00bb\t\t<\/a>\n\n\t\t\t\t<\/div>\n\t\t\t\t<\/article>\n\t\t\t\t<article class=\"elementor-post elementor-grid-item post-9500 post type-post status-publish format-standard has-post-thumbnail hentry category-decoracion-en\">\n\t\t\t\t<a class=\"elementor-post__thumbnail__link\" href=\"https:\/\/idurgocapeans.com\/en\/la-vajilla-y-su-importancia-en-la-mesa\" tabindex=\"-1\" >\n\t\t\t<div class=\"elementor-post__thumbnail\"><img decoding=\"async\" width=\"300\" height=\"300\" src=\"https:\/\/idurgocapeans.com\/wp-content\/uploads\/2022\/05\/27-300x300.png\" class=\"attachment-medium size-medium wp-image-9399\" alt=\"\" srcset=\"https:\/\/idurgocapeans.com\/wp-content\/uploads\/2022\/05\/27-300x300.png 300w, https:\/\/idurgocapeans.com\/wp-content\/uploads\/2022\/05\/27-1024x1024.png 1024w, https:\/\/idurgocapeans.com\/wp-content\/uploads\/2022\/05\/27-150x150.png 150w, https:\/\/idurgocapeans.com\/wp-content\/uploads\/2022\/05\/27-768x768.png 768w, https:\/\/idurgocapeans.com\/wp-content\/uploads\/2022\/05\/27-200x200.png 200w, https:\/\/idurgocapeans.com\/wp-content\/uploads\/2022\/05\/27-720x720.png 720w, https:\/\/idurgocapeans.com\/wp-content\/uploads\/2022\/05\/27-100x100.png 100w, https:\/\/idurgocapeans.com\/wp-content\/uploads\/2022\/05\/27-460x460.png 460w, https:\/\/idurgocapeans.com\/wp-content\/uploads\/2022\/05\/27.png 1080w\" sizes=\"(max-width: 300px) 100vw, 300px\" \/><\/div>\n\t\t<\/a>\n\t\t\t\t<div class=\"elementor-post__text\">\n\t\t\t\t<h3 class=\"elementor-post__title\">\n\t\t\t<a href=\"https:\/\/idurgocapeans.com\/en\/la-vajilla-y-su-importancia-en-la-mesa\" >\n\t\t\t\tLa vajilla y su importancia en la mesa\t\t\t<\/a>\n\t\t<\/h3>\n\t\t\t\t<div class=\"elementor-post__meta-data\">\n\t\t\t\t\t<span class=\"elementor-post-date\">\n\t\t\tMay 19, 2022\t\t<\/span>\n\t\t\t\t<span class=\"elementor-post-avatar\">\n\t\t\tNo Comments\t\t<\/span>\n\t\t\t\t<\/div>\n\t\t\t\t<div class=\"elementor-post__excerpt\">\n\t\t\t<p>&nbsp; La vajilla hace referencia al conjunto de utensilios que se utilizan para el servicio de la mesa. Su funci\u00f3n principal es la de servir<\/p>\n\t\t<\/div>\n\t\t\n\t\t<a class=\"elementor-post__read-more\" href=\"https:\/\/idurgocapeans.com\/en\/la-vajilla-y-su-importancia-en-la-mesa\" aria-label=\"Read more about La vajilla y su importancia en la mesa\" tabindex=\"-1\" >\n\t\t\tRead More \u00bb\t\t<\/a>\n\n\t\t\t\t<\/div>\n\t\t\t\t<\/article>\n\t\t\t\t<article class=\"elementor-post elementor-grid-item post-9501 post type-post status-publish format-standard has-post-thumbnail hentry category-curiosidades-en\">\n\t\t\t\t<a class=\"elementor-post__thumbnail__link\" href=\"https:\/\/idurgocapeans.com\/en\/tipos-de-cuchillos-de-cocina\" tabindex=\"-1\" >\n\t\t\t<div class=\"elementor-post__thumbnail\"><img decoding=\"async\" width=\"300\" height=\"300\" src=\"https:\/\/idurgocapeans.com\/wp-content\/uploads\/2021\/04\/block-com-5-cuchillos-chef-mad-300x300.jpg\" class=\"attachment-medium size-medium wp-image-8704\" alt=\"Block com 5 cuchillos chef mad\" srcset=\"https:\/\/idurgocapeans.com\/wp-content\/uploads\/2021\/04\/block-com-5-cuchillos-chef-mad-300x300.jpg 300w, https:\/\/idurgocapeans.com\/wp-content\/uploads\/2021\/04\/block-com-5-cuchillos-chef-mad-150x150.jpg 150w, https:\/\/idurgocapeans.com\/wp-content\/uploads\/2021\/04\/block-com-5-cuchillos-chef-mad-200x200.jpg 200w, https:\/\/idurgocapeans.com\/wp-content\/uploads\/2021\/04\/block-com-5-cuchillos-chef-mad-100x100.jpg 100w, https:\/\/idurgocapeans.com\/wp-content\/uploads\/2021\/04\/block-com-5-cuchillos-chef-mad.jpg 460w\" sizes=\"(max-width: 300px) 100vw, 300px\" \/><\/div>\n\t\t<\/a>\n\t\t\t\t<div class=\"elementor-post__text\">\n\t\t\t\t<h3 class=\"elementor-post__title\">\n\t\t\t<a href=\"https:\/\/idurgocapeans.com\/en\/tipos-de-cuchillos-de-cocina\" >\n\t\t\t\tTipos de cuchillos de cocina\t\t\t<\/a>\n\t\t<\/h3>\n\t\t\t\t<div class=\"elementor-post__meta-data\">\n\t\t\t\t\t<span class=\"elementor-post-date\">\n\t\t\tApril 19, 2022\t\t<\/span>\n\t\t\t\t<span class=\"elementor-post-avatar\">\n\t\t\tNo Comments\t\t<\/span>\n\t\t\t\t<\/div>\n\t\t\t\t<div class=\"elementor-post__excerpt\">\n\t\t\t<p>En Idurgo Capeans sabemos que el cuchillo es un elemento indispensable en la cocina, y por ello creemos que es muy importante conocer los tipos<\/p>\n\t\t<\/div>\n\t\t\n\t\t<a class=\"elementor-post__read-more\" href=\"https:\/\/idurgocapeans.com\/en\/tipos-de-cuchillos-de-cocina\" aria-label=\"Read more about Tipos de cuchillos de cocina\" tabindex=\"-1\" >\n\t\t\tRead More \u00bb\t\t<\/a>\n\n\t\t\t\t<\/div>\n\t\t\t\t<\/article>\n\t\t\t\t<article class=\"elementor-post elementor-grid-item post-9347 post type-post status-publish format-standard has-post-thumbnail hentry category-curiosidades-en\">\n\t\t\t\t<a class=\"elementor-post__thumbnail__link\" href=\"https:\/\/idurgocapeans.com\/en\/decora-tu-mesa-para-san-valentin\" tabindex=\"-1\" >\n\t\t\t<div class=\"elementor-post__thumbnail\"><img loading=\"lazy\" decoding=\"async\" width=\"225\" height=\"300\" src=\"https:\/\/idurgocapeans.com\/wp-content\/uploads\/2022\/02\/san-valentin-2022-225x300.jpg\" class=\"attachment-medium size-medium wp-image-9353\" alt=\"San Valent\u00edn 2022\" srcset=\"https:\/\/idurgocapeans.com\/wp-content\/uploads\/2022\/02\/san-valentin-2022-225x300.jpg 225w, https:\/\/idurgocapeans.com\/wp-content\/uploads\/2022\/02\/san-valentin-2022-200x267.jpg 200w, https:\/\/idurgocapeans.com\/wp-content\/uploads\/2022\/02\/san-valentin-2022.jpg 474w\" sizes=\"(max-width: 225px) 100vw, 225px\" \/><\/div>\n\t\t<\/a>\n\t\t\t\t<div class=\"elementor-post__text\">\n\t\t\t\t<h3 class=\"elementor-post__title\">\n\t\t\t<a href=\"https:\/\/idurgocapeans.com\/en\/decora-tu-mesa-para-san-valentin\" >\n\t\t\t\tDecora tu mesa para San Valent\u00edn\t\t\t<\/a>\n\t\t<\/h3>\n\t\t\t\t<div class=\"elementor-post__meta-data\">\n\t\t\t\t\t<span class=\"elementor-post-date\">\n\t\t\tFebruary 14, 2022\t\t<\/span>\n\t\t\t\t<span class=\"elementor-post-avatar\">\n\t\t\tNo Comments\t\t<\/span>\n\t\t\t\t<\/div>\n\t\t\t\t<div class=\"elementor-post__excerpt\">\n\t\t\t<p>Saber c\u00f3mo poner los cubiertos nos permitir\u00e1 disponer correctamente la mesa para todo tipo de celebraciones.<\/p>\n\t\t<\/div>\n\t\t\n\t\t<a class=\"elementor-post__read-more\" href=\"https:\/\/idurgocapeans.com\/en\/decora-tu-mesa-para-san-valentin\" aria-label=\"Read more about Decora tu mesa para San Valent\u00edn\" tabindex=\"-1\" >\n\t\t\tRead More \u00bb\t\t<\/a>\n\n\t\t\t\t<\/div>\n\t\t\t\t<\/article>\n\t\t\t\t<article class=\"elementor-post elementor-grid-item post-9168 post type-post status-publish format-standard has-post-thumbnail hentry category-curiosidades-en\">\n\t\t\t\t<a class=\"elementor-post__thumbnail__link\" href=\"https:\/\/idurgocapeans.com\/en\/importancia-cuidado-cubiertos\" tabindex=\"-1\" >\n\t\t\t<div class=\"elementor-post__thumbnail\"><img loading=\"lazy\" decoding=\"async\" width=\"300\" height=\"241\" src=\"https:\/\/idurgocapeans.com\/wp-content\/uploads\/2021\/10\/fondo-cubiertos-300x241.jpg\" class=\"attachment-medium size-medium wp-image-9033\" alt=\"Fondo cubiertos\" srcset=\"https:\/\/idurgocapeans.com\/wp-content\/uploads\/2021\/10\/fondo-cubiertos-300x241.jpg 300w, https:\/\/idurgocapeans.com\/wp-content\/uploads\/2021\/10\/fondo-cubiertos-768x616.jpg 768w, https:\/\/idurgocapeans.com\/wp-content\/uploads\/2021\/10\/fondo-cubiertos-200x160.jpg 200w, https:\/\/idurgocapeans.com\/wp-content\/uploads\/2021\/10\/fondo-cubiertos-720x577.jpg 720w, https:\/\/idurgocapeans.com\/wp-content\/uploads\/2021\/10\/fondo-cubiertos.jpg 1024w\" sizes=\"(max-width: 300px) 100vw, 300px\" \/><\/div>\n\t\t<\/a>\n\t\t\t\t<div class=\"elementor-post__text\">\n\t\t\t\t<h3 class=\"elementor-post__title\">\n\t\t\t<a href=\"https:\/\/idurgocapeans.com\/en\/importancia-cuidado-cubiertos\" >\n\t\t\t\tLa importancia del cuidado de tus cubiertos\t\t\t<\/a>\n\t\t<\/h3>\n\t\t\t\t<div class=\"elementor-post__meta-data\">\n\t\t\t\t\t<span class=\"elementor-post-date\">\n\t\t\tJanuary 31, 2022\t\t<\/span>\n\t\t\t\t<span class=\"elementor-post-avatar\">\n\t\t\tNo Comments\t\t<\/span>\n\t\t\t\t<\/div>\n\t\t\t\t<div class=\"elementor-post__excerpt\">\n\t\t\t<p>Saber c\u00f3mo poner los cubiertos nos permitir\u00e1 disponer correctamente la mesa para todo tipo de celebraciones.<\/p>\n\t\t<\/div>\n\t\t\n\t\t<a class=\"elementor-post__read-more\" href=\"https:\/\/idurgocapeans.com\/en\/importancia-cuidado-cubiertos\" aria-label=\"Read more about La importancia del cuidado de tus cubiertos\" tabindex=\"-1\" >\n\t\t\tRead More \u00bb\t\t<\/a>\n\n\t\t\t\t<\/div>\n\t\t\t\t<\/article>\n\t\t\t\t<article class=\"elementor-post elementor-grid-item post-9122 post type-post status-publish format-standard has-post-thumbnail hentry category-decoracion-en\">\n\t\t\t\t<a class=\"elementor-post__thumbnail__link\" href=\"https:\/\/idurgocapeans.com\/en\/elegancia-tradicion-nuevo-ano\" tabindex=\"-1\" >\n\t\t\t<div class=\"elementor-post__thumbnail\"><img loading=\"lazy\" decoding=\"async\" width=\"212\" height=\"300\" src=\"https:\/\/idurgocapeans.com\/wp-content\/uploads\/2019\/06\/cordoba-212x300.jpg\" class=\"attachment-medium size-medium wp-image-5689\" alt=\"\" srcset=\"https:\/\/idurgocapeans.com\/wp-content\/uploads\/2019\/06\/cordoba-212x300.jpg 212w, https:\/\/idurgocapeans.com\/wp-content\/uploads\/2019\/06\/cordoba.jpg 725w, https:\/\/idurgocapeans.com\/wp-content\/uploads\/2019\/06\/cordoba-200x282.jpg 200w, https:\/\/idurgocapeans.com\/wp-content\/uploads\/2019\/06\/cordoba-720x1017.jpg 720w\" sizes=\"(max-width: 212px) 100vw, 212px\" \/><\/div>\n\t\t<\/a>\n\t\t\t\t<div class=\"elementor-post__text\">\n\t\t\t\t<h3 class=\"elementor-post__title\">\n\t\t\t<a href=\"https:\/\/idurgocapeans.com\/en\/elegancia-tradicion-nuevo-ano\" >\n\t\t\t\tElegancia y tradici\u00f3n para el nuevo a\u00f1o\t\t\t<\/a>\n\t\t<\/h3>\n\t\t\t\t<div class=\"elementor-post__meta-data\">\n\t\t\t\t\t<span class=\"elementor-post-date\">\n\t\t\tDecember 28, 2021\t\t<\/span>\n\t\t\t\t<span class=\"elementor-post-avatar\">\n\t\t\tNo Comments\t\t<\/span>\n\t\t\t\t<\/div>\n\t\t\t\t<div class=\"elementor-post__excerpt\">\n\t\t\t<p>Saber c\u00f3mo poner los cubiertos nos permitir\u00e1 disponer correctamente la mesa para todo tipo de celebraciones.<\/p>\n\t\t<\/div>\n\t\t\n\t\t<a class=\"elementor-post__read-more\" href=\"https:\/\/idurgocapeans.com\/en\/elegancia-tradicion-nuevo-ano\" aria-label=\"Read more about Elegancia y tradici\u00f3n para el nuevo a\u00f1o\" tabindex=\"-1\" >\n\t\t\tRead More \u00bb\t\t<\/a>\n\n\t\t\t\t<\/div>\n\t\t\t\t<\/article>\n\t\t\t\t<\/div>\n\t\t\n\t\t\t\t\t\t<\/div>\n\t\t\t\t<\/div>\n\t\t\t\t\t<\/div>\n\t\t<\/div>\n\t\t\t\t\t<\/div>\n\t\t<\/section>\n\t\t\t\t<\/div>\n\t\t","protected":false},"excerpt":{"rendered":"<p>Blog<\/p>\n","protected":false},"author":323,"featured_media":0,"parent":0,"menu_order":0,"comment_status":"closed","ping_status":"closed","template":"","meta":{"footnotes":""},"_links":{"self":[{"href":"https:\/\/idurgocapeans.com\/en\/wp-json\/wp\/v2\/pages\/7056"}],"collection":[{"href":"https:\/\/idurgocapeans.com\/en\/wp-json\/wp\/v2\/pages"}],"about":[{"href":"https:\/\/idurgocapeans.com\/en\/wp-json\/wp\/v2\/types\/page"}],"author":[{"embeddable":true,"href":"https:\/\/idurgocapeans.com\/en\/wp-json\/wp\/v2\/users\/323"}],"replies":[{"embeddable":true,"href":"https:\/\/idurgocapeans.com\/en\/wp-json\/wp\/v2\/comments?post=7056"}],"version-history":[{"count":1,"href":"https:\/\/idurgocapeans.com\/en\/wp-json\/wp\/v2\/pages\/7056\/revisions"}],"predecessor-version":[{"id":7068,"href":"https:\/\/idurgocapeans.com\/en\/wp-json\/wp\/v2\/pages\/7056\/revisions\/7068"}],"wp:attachment":[{"href":"https:\/\/idurgocapeans.com\/en\/wp-json\/wp\/v2\/media?parent=7056"}],"curies":[{"name":"wp","href":"https:\/\/api.w.org\/{rel}","templated":true}]}}